{"id":11039,"date":"2015-02-26T10:27:28","date_gmt":"2015-02-26T10:27:28","guid":{"rendered":"http:\/\/www.kiai.ch\/wp\/?page_id=11039"},"modified":"2022-07-29T16:00:42","modified_gmt":"2022-07-29T14:00:42","slug":"ueber-uns","status":"publish","type":"page","link":"https:\/\/www.karatecham.ch\/shotokan_karate_schule_cham_zug\/ueber-uns\/","title":{"rendered":"Geschichte"},"content":{"rendered":"<div class=\"fusion-fullwidth fullwidth-box fusion-builder-row-1 fusion-flex-container nonhundred-percent-fullwidth non-hundred-percent-height-scrolling\" style=\"--awb-background-position:left top;--awb-border-sizes-top:0px;--awb-border-sizes-bottom:0px;--awb-border-sizes-left:0px;--awb-border-sizes-right:0px;--awb-border-radius-top-left:0px;--awb-border-radius-top-right:0px;--awb-border-radius-bottom-right:0px;--awb-border-radius-bottom-left:0px;--awb-padding-top:0px;--awb-padding-right:0px;--awb-padding-bottom:0px;--awb-padding-left:0px;--awb-margin-top:0px;--awb-margin-bottom:0px;--awb-flex-wrap:wrap;\" ><div class=\"fusion-builder-row fusion-row fusion-flex-align-items-flex-start fusion-flex-content-wrap\" style=\"max-width:1248px;margin-left: calc(-4% \/ 2 );margin-right: calc(-4% \/ 2 );\"><div class=\"fusion-layout-column fusion_builder_column fusion-builder-column-0 fusion_builder_column_4_5 4_5 fusion-flex-column\" style=\"--awb-bg-blend:overlay;--awb-bg-size:cover;--awb-width-large:80%;--awb-margin-top-large:0px;--awb-spacing-right-large:3.84%;--awb-margin-bottom-large:20px;--awb-spacing-left-large:2.4%;--awb-width-medium:100%;--awb-spacing-right-medium:1.92%;--awb-spacing-left-medium:1.92%;--awb-width-small:100%;--awb-spacing-right-small:1.92%;--awb-spacing-left-small:1.92%;\"><div class=\"fusion-column-wrapper fusion-flex-justify-content-flex-start fusion-content-layout-column\"><div class=\"fusion-text fusion-text-1\"><p style=\"text-align: justify;\">TAIHO ist der Name eines ber\u00fchmten Kriegers im alten Japan. BUKAN wird mit dem Wort Schule \u00fcbersetzt. (Bu = Krieg \/ Kampf, Kan = Haus \/ Schule)<\/p>\n<\/div><div class=\"fusion-text fusion-text-2\"><p style=\"text-align: justify;\">Die TAIHO-BUKAN Karateschule im Kanton Zug wurde im Jahr 1992 von Rinzin Zatul (Tibet) gegr\u00fcndet. Sie geh\u00f6rte bis 2013 dem IJKA-Switzerland-Verband an und vertritt klassisches Shotokankarate, erg\u00e4nzt mit dem von Asai Shihan entwickelten Stil. 2013 hat sich die Schule der JKS-Switzerland angeschlossen. Seit 1997 ist sie als Verein organisiert und an der aktuellen Adresse in Cham. Ein kompetentes 6-k\u00f6pfiges Instruktoren-Team sorgt f\u00fcr einen abwechslungsreichen Unterricht. Der Kontakt zum Chefinstruktor Sensei Yutaka Koike, 6. Dan und die kontinuierliche Weiterbildung der Instruktoren garantieren ein hohes Niveau und eine gute Qualit\u00e4t des Unterrichtes.<\/p>\n<p>TAIHO-BUKAN ist Mitglied der JKS Schweiz (Japan Karate Shoto Federation Schweiz), SKF (Swiss Karate Federation) und SKA (Swiss Karate Association)<\/p>\n<\/div><\/div><\/div><div class=\"fusion-layout-column fusion_builder_column fusion-builder-column-1 fusion_builder_column_1_5 1_5 fusion-flex-column\" style=\"--awb-bg-blend:overlay;--awb-bg-size:cover;--awb-width-large:20%;--awb-margin-top-large:0px;--awb-spacing-right-large:9.6%;--awb-margin-bottom-large:20px;--awb-spacing-left-large:3.84%;--awb-width-medium:100%;--awb-spacing-right-medium:1.92%;--awb-spacing-left-medium:1.92%;--awb-width-small:100%;--awb-spacing-right-small:1.92%;--awb-spacing-left-small:1.92%;\"><div class=\"fusion-column-wrapper fusion-flex-justify-content-flex-start fusion-content-layout-column\"><div class=\"fusion-image-element \" style=\"text-align:center;--awb-caption-title-font-family:var(--h2_typography-font-family);--awb-caption-title-font-weight:var(--h2_typography-font-weight);--awb-caption-title-font-style:var(--h2_typography-font-style);--awb-caption-title-size:var(--h2_typography-font-size);--awb-caption-title-transform:var(--h2_typography-text-transform);--awb-caption-title-line-height:var(--h2_typography-line-height);--awb-caption-title-letter-spacing:var(--h2_typography-letter-spacing);\"><span class=\" fusion-imageframe imageframe-none imageframe-1 hover-type-none\"><a href=\"http:\/\/www.kiai.ch\/wp\/wp-content\/uploads\/2015\/03\/Taiho_Bukan_Logo_homepage_hoch_aaa9a9_V01-63x300.png\" class=\"fusion-lightbox\" data-rel=\"iLightbox[dd0c17cf6a99233bacc]\"><img decoding=\"async\" src=\"data:image\/gif;base64,R0lGODlhAQABAAAAACH5BAEKAAEALAAAAAABAAEAAAICTAEAOw==\" data-orig-src=\"http:\/\/www.kiai.ch\/wp\/wp-content\/uploads\/2015\/03\/Taiho_Bukan_Logo_homepage_hoch_aaa9a9_V01-63x300.png\" alt class=\"lazyload img-responsive\"\/><\/a><\/span><\/div><\/div><\/div><div class=\"fusion-layout-column fusion_builder_column fusion-builder-column-2 fusion_builder_column_1_1 1_1 fusion-flex-column\" style=\"--awb-bg-blend:overlay;--awb-bg-size:cover;--awb-width-large:100%;--awb-margin-top-large:0px;--awb-spacing-right-large:1.92%;--awb-margin-bottom-large:0px;--awb-spacing-left-large:1.92%;--awb-width-medium:100%;--awb-spacing-right-medium:1.92%;--awb-spacing-left-medium:1.92%;--awb-width-small:100%;--awb-spacing-right-small:1.92%;--awb-spacing-left-small:1.92%;\"><div class=\"fusion-column-wrapper fusion-flex-justify-content-center fusion-content-layout-column\"><div class=\"fusion-slider-sc\"><div class=\"fusion-flexslider-loading flexslider flexslider-hover-type-none\" data-slideshow_autoplay=\"1\" data-slideshow_smooth_height=\"1\" data-slideshow_speed=\"4000\" style=\"max-width:100%;height:100%;\"><ul class=\"slides\"><li class=\"image\"><span class=\"lazyload fusion-image-hover-element hover-type-none\"><img decoding=\"async\" src=\"https:\/\/www.karatecham.ch\/shotokan_karate_schule_cham_zug\/wp-content\/uploads\/2015\/02\/shokotan_001-300x200.jpg\" data-orig-src=\"https:\/\/www.karatecham.ch\/shotokan_karate_schule_cham_zug\/wp-content\/uploads\/2015\/02\/shokotan_001-300x200.jpg\" width=\"300\" height=\"200\" class=\"lazyload wp-image-12221\" srcset=\"data:image\/svg+xml,%3Csvg%20xmlns%3D%27http%3A%2F%2Fwww.w3.org%2F2000%2Fsvg%27%20width%3D%27300%27%20height%3D%27200%27%20viewBox%3D%270%200%20300%20200%27%3E%3Crect%20width%3D%27300%27%20height%3D%27200%27%20fill-opacity%3D%220%22%2F%3E%3C%2Fsvg%3E\" data-srcset=\"https:\/\/www.karatecham.ch\/shotokan_karate_schule_cham_zug\/wp-content\/uploads\/2015\/02\/shokotan_001-200x133.jpg 200w, https:\/\/www.karatecham.ch\/shotokan_karate_schule_cham_zug\/wp-content\/uploads\/2015\/02\/shokotan_001-400x267.jpg 400w, https:\/\/www.karatecham.ch\/shotokan_karate_schule_cham_zug\/wp-content\/uploads\/2015\/02\/shokotan_001-600x400.jpg 600w, https:\/\/www.karatecham.ch\/shotokan_karate_schule_cham_zug\/wp-content\/uploads\/2015\/02\/shokotan_001-800x534.jpg 800w, https:\/\/www.karatecham.ch\/shotokan_karate_schule_cham_zug\/wp-content\/uploads\/2015\/02\/shokotan_001.jpg 1000w\" data-sizes=\"auto\" data-orig-sizes=\"(max-width: 1024px) 100vw, (max-width: 640px) 100vw, 300px\" \/><\/span><\/li><li class=\"image\"><span class=\"lazyload fusion-image-hover-element hover-type-none\"><img decoding=\"async\" src=\"https:\/\/www.karatecham.ch\/shotokan_karate_schule_cham_zug\/wp-content\/uploads\/2015\/02\/Shokotan_002-300x200.jpg\" data-orig-src=\"https:\/\/www.karatecham.ch\/shotokan_karate_schule_cham_zug\/wp-content\/uploads\/2015\/02\/Shokotan_002-300x200.jpg\" width=\"300\" height=\"200\" class=\"lazyload wp-image-12222\" srcset=\"data:image\/svg+xml,%3Csvg%20xmlns%3D%27http%3A%2F%2Fwww.w3.org%2F2000%2Fsvg%27%20width%3D%27300%27%20height%3D%27200%27%20viewBox%3D%270%200%20300%20200%27%3E%3Crect%20width%3D%27300%27%20height%3D%27200%27%20fill-opacity%3D%220%22%2F%3E%3C%2Fsvg%3E\" data-srcset=\"https:\/\/www.karatecham.ch\/shotokan_karate_schule_cham_zug\/wp-content\/uploads\/2015\/02\/Shokotan_002-200x133.jpg 200w, https:\/\/www.karatecham.ch\/shotokan_karate_schule_cham_zug\/wp-content\/uploads\/2015\/02\/Shokotan_002-400x267.jpg 400w, https:\/\/www.karatecham.ch\/shotokan_karate_schule_cham_zug\/wp-content\/uploads\/2015\/02\/Shokotan_002-600x400.jpg 600w, https:\/\/www.karatecham.ch\/shotokan_karate_schule_cham_zug\/wp-content\/uploads\/2015\/02\/Shokotan_002-800x534.jpg 800w, https:\/\/www.karatecham.ch\/shotokan_karate_schule_cham_zug\/wp-content\/uploads\/2015\/02\/Shokotan_002.jpg 1000w\" data-sizes=\"auto\" data-orig-sizes=\"(max-width: 1024px) 100vw, (max-width: 640px) 100vw, 300px\" \/><\/span><\/li><li class=\"image\"><span class=\"lazyload fusion-image-hover-element hover-type-none\"><img decoding=\"async\" src=\"https:\/\/www.karatecham.ch\/shotokan_karate_schule_cham_zug\/wp-content\/uploads\/2015\/02\/Shokotan_003-300x200.jpg\" data-orig-src=\"https:\/\/www.karatecham.ch\/shotokan_karate_schule_cham_zug\/wp-content\/uploads\/2015\/02\/Shokotan_003-300x200.jpg\" width=\"300\" height=\"200\" class=\"lazyload wp-image-12223\" srcset=\"data:image\/svg+xml,%3Csvg%20xmlns%3D%27http%3A%2F%2Fwww.w3.org%2F2000%2Fsvg%27%20width%3D%27300%27%20height%3D%27200%27%20viewBox%3D%270%200%20300%20200%27%3E%3Crect%20width%3D%27300%27%20height%3D%27200%27%20fill-opacity%3D%220%22%2F%3E%3C%2Fsvg%3E\" data-srcset=\"https:\/\/www.karatecham.ch\/shotokan_karate_schule_cham_zug\/wp-content\/uploads\/2015\/02\/Shokotan_003-200x133.jpg 200w, https:\/\/www.karatecham.ch\/shotokan_karate_schule_cham_zug\/wp-content\/uploads\/2015\/02\/Shokotan_003-400x267.jpg 400w, https:\/\/www.karatecham.ch\/shotokan_karate_schule_cham_zug\/wp-content\/uploads\/2015\/02\/Shokotan_003-600x400.jpg 600w, https:\/\/www.karatecham.ch\/shotokan_karate_schule_cham_zug\/wp-content\/uploads\/2015\/02\/Shokotan_003-800x534.jpg 800w, https:\/\/www.karatecham.ch\/shotokan_karate_schule_cham_zug\/wp-content\/uploads\/2015\/02\/Shokotan_003.jpg 1000w\" data-sizes=\"auto\" data-orig-sizes=\"(max-width: 1024px) 100vw, (max-width: 640px) 100vw, 300px\" \/><\/span><\/li><li class=\"image\"><span class=\"lazyload fusion-image-hover-element hover-type-none\"><img decoding=\"async\" src=\"https:\/\/www.karatecham.ch\/shotokan_karate_schule_cham_zug\/wp-content\/uploads\/2015\/02\/Shokotan_005-300x200.jpg\" data-orig-src=\"https:\/\/www.karatecham.ch\/shotokan_karate_schule_cham_zug\/wp-content\/uploads\/2015\/02\/Shokotan_005-300x200.jpg\" width=\"300\" height=\"200\" class=\"lazyload wp-image-12224\" srcset=\"data:image\/svg+xml,%3Csvg%20xmlns%3D%27http%3A%2F%2Fwww.w3.org%2F2000%2Fsvg%27%20width%3D%27300%27%20height%3D%27200%27%20viewBox%3D%270%200%20300%20200%27%3E%3Crect%20width%3D%27300%27%20height%3D%27200%27%20fill-opacity%3D%220%22%2F%3E%3C%2Fsvg%3E\" data-srcset=\"https:\/\/www.karatecham.ch\/shotokan_karate_schule_cham_zug\/wp-content\/uploads\/2015\/02\/Shokotan_005-200x133.jpg 200w, https:\/\/www.karatecham.ch\/shotokan_karate_schule_cham_zug\/wp-content\/uploads\/2015\/02\/Shokotan_005-400x267.jpg 400w, https:\/\/www.karatecham.ch\/shotokan_karate_schule_cham_zug\/wp-content\/uploads\/2015\/02\/Shokotan_005-600x400.jpg 600w, https:\/\/www.karatecham.ch\/shotokan_karate_schule_cham_zug\/wp-content\/uploads\/2015\/02\/Shokotan_005-800x534.jpg 800w, https:\/\/www.karatecham.ch\/shotokan_karate_schule_cham_zug\/wp-content\/uploads\/2015\/02\/Shokotan_005.jpg 1000w\" data-sizes=\"auto\" data-orig-sizes=\"(max-width: 1024px) 100vw, (max-width: 640px) 100vw, 300px\" \/><\/span><\/li><li class=\"image\"><span class=\"lazyload fusion-image-hover-element hover-type-none\"><img decoding=\"async\" src=\"https:\/\/www.karatecham.ch\/shotokan_karate_schule_cham_zug\/wp-content\/uploads\/2015\/02\/Shokotan_007-300x200.jpg\" data-orig-src=\"https:\/\/www.karatecham.ch\/shotokan_karate_schule_cham_zug\/wp-content\/uploads\/2015\/02\/Shokotan_007-300x200.jpg\" width=\"300\" height=\"200\" class=\"lazyload wp-image-12225\" srcset=\"data:image\/svg+xml,%3Csvg%20xmlns%3D%27http%3A%2F%2Fwww.w3.org%2F2000%2Fsvg%27%20width%3D%27300%27%20height%3D%27200%27%20viewBox%3D%270%200%20300%20200%27%3E%3Crect%20width%3D%27300%27%20height%3D%27200%27%20fill-opacity%3D%220%22%2F%3E%3C%2Fsvg%3E\" data-srcset=\"https:\/\/www.karatecham.ch\/shotokan_karate_schule_cham_zug\/wp-content\/uploads\/2015\/02\/Shokotan_007-200x133.jpg 200w, https:\/\/www.karatecham.ch\/shotokan_karate_schule_cham_zug\/wp-content\/uploads\/2015\/02\/Shokotan_007-400x267.jpg 400w, https:\/\/www.karatecham.ch\/shotokan_karate_schule_cham_zug\/wp-content\/uploads\/2015\/02\/Shokotan_007-600x400.jpg 600w, https:\/\/www.karatecham.ch\/shotokan_karate_schule_cham_zug\/wp-content\/uploads\/2015\/02\/Shokotan_007-800x534.jpg 800w, https:\/\/www.karatecham.ch\/shotokan_karate_schule_cham_zug\/wp-content\/uploads\/2015\/02\/Shokotan_007.jpg 1000w\" data-sizes=\"auto\" data-orig-sizes=\"(max-width: 1024px) 100vw, (max-width: 640px) 100vw, 300px\" \/><\/span><\/li><\/ul><\/div><\/div><\/div><\/div><\/div><\/div>\n","protected":false},"excerpt":{"rendered":"","protected":false},"author":2,"featured_media":0,"parent":0,"menu_order":0,"comment_status":"open","ping_status":"open","template":"","meta":{"footnotes":""},"class_list":["post-11039","page","type-page","status-publish","hentry"],"_links":{"self":[{"href":"https:\/\/www.karatecham.ch\/shotokan_karate_schule_cham_zug\/wp-json\/wp\/v2\/pages\/11039","targetHints":{"allow":["GET"]}}],"collection":[{"href":"https:\/\/www.karatecham.ch\/shotokan_karate_schule_cham_zug\/wp-json\/wp\/v2\/pages"}],"about":[{"href":"https:\/\/www.karatecham.ch\/shotokan_karate_schule_cham_zug\/wp-json\/wp\/v2\/types\/page"}],"author":[{"embeddable":true,"href":"https:\/\/www.karatecham.ch\/shotokan_karate_schule_cham_zug\/wp-json\/wp\/v2\/users\/2"}],"replies":[{"embeddable":true,"href":"https:\/\/www.karatecham.ch\/shotokan_karate_schule_cham_zug\/wp-json\/wp\/v2\/comments?post=11039"}],"version-history":[{"count":46,"href":"https:\/\/www.karatecham.ch\/shotokan_karate_schule_cham_zug\/wp-json\/wp\/v2\/pages\/11039\/revisions"}],"predecessor-version":[{"id":32139,"href":"https:\/\/www.karatecham.ch\/shotokan_karate_schule_cham_zug\/wp-json\/wp\/v2\/pages\/11039\/revisions\/32139"}],"wp:attachment":[{"href":"https:\/\/www.karatecham.ch\/shotokan_karate_schule_cham_zug\/wp-json\/wp\/v2\/media?parent=11039"}],"curies":[{"name":"wp","href":"https:\/\/api.w.org\/{rel}","templated":true}]}}